{"id":1204,"date":"2017-10-28T23:05:57","date_gmt":"2017-10-29T03:05:57","guid":{"rendered":"http:\/\/www.andresfigueroa.cl\/bailarinesdeldesierto\/?page_id=1204"},"modified":"2017-11-02T17:07:14","modified_gmt":"2017-11-02T21:07:14","slug":"textos","status":"publish","type":"page","link":"https:\/\/www.andresfigueroa.cl\/bailarinesdeldesierto\/textos\/","title":{"rendered":"Textos"},"content":{"rendered":"<p>[vc_row full_width=\u00bbfull_screen\u00bb][vc_column][valeria_single_image image_size=\u00bbfull\u00bb alignment=\u00bbcenter\u00bb image=\u00bb1492&#8243;][valeria_heading text=\u00bbTextos\u00bb tag=\u00bbh1&#8243; text_align=\u00bbcenter\u00bb css=\u00bb.vc_custom_1509592012038{margin-top: 30px !important;}\u00bb][\/vc_column][\/vc_row][vc_row css=\u00bb.vc_custom_1509427490220{margin-bottom: 0px !important;}\u00bb][vc_column width=\u00bb1\/4&#8243; css=\u00bb.vc_custom_1509592563981{margin-bottom: 35px !important;}\u00bb][vc_icon type=\u00bbmaterial\u00bb icon_material=\u00bbvc-material vc-material-import_contacts\u00bb color=\u00bbcustom\u00bb background_style=\u00bbrounded-outline\u00bb background_color=\u00bbcustom\u00bb size=\u00bblg\u00bb align=\u00bbcenter\u00bb css_animation=\u00bbfade-in\u00bb custom_color=\u00bb#8a6652&#8243; link=\u00bburl:http%3A%2F%2Fwww.andresfigueroa.cl%2Fbailarinesdeldesierto%2Fpdf_bailarines%2Ftexto1.pdf|title:LOS%20BAILARINES%20DEL%20DESIERTO%20DE%20ANDR%C3%89S%20FIGUEROA%20%2F%20Andrea%20J%C3%B6sch|target:%20_blank|\u00bb custom_background_color=\u00bb#8a6652&#8243; css=\u00bb.vc_custom_1509251054700{margin-bottom: 20px !important;}\u00bb][vc_column_text]<\/p>\n<p style=\"text-align: center;\"><a href=\"http:\/\/www.andresfigueroa.cl\/bailarinesdeldesierto\/pdf_bailarines\/texto1.pdf\"><strong>LOS BAILARINES DEL DESIERTO<br \/>\nDE ANDR\u00c9S FIGUEROA<\/strong><\/a><br \/>\n(espa\u00f1ol)<br \/>\n<strong>Andrea J\u00f6sch<\/strong><\/p>\n<p>[\/vc_column_text][\/vc_column][vc_column width=\u00bb1\/4&#8243; css=\u00bb.vc_custom_1509592520624{margin-bottom: 35px !important;}\u00bb][vc_icon type=\u00bbmaterial\u00bb icon_material=\u00bbvc-material vc-material-import_contacts\u00bb color=\u00bbcustom\u00bb background_style=\u00bbrounded-outline\u00bb background_color=\u00bbcustom\u00bb size=\u00bblg\u00bb align=\u00bbcenter\u00bb css_animation=\u00bbfade-in\u00bb custom_color=\u00bb#8a6652&#8243; link=\u00bburl:http%3A%2F%2Fwww.andresfigueroa.cl%2Fbailarinesdeldesierto%2Fpdf_bailarines%2Ftexto1_eng.pdf|title:LOS%20BAILARINES%20DEL%20DESIERTO%20DE%20ANDR%C3%89S%20FIGUEROA%20%2F%20Andrea%20J%C3%B6sch|target:%20_blank|\u00bb custom_background_color=\u00bb#8a6652&#8243; css=\u00bb.vc_custom_1509427571268{margin-bottom: 20px !important;}\u00bb][vc_column_text]<\/p>\n<p style=\"text-align: center;\"><a href=\"http:\/\/www.andresfigueroa.cl\/bailarinesdeldesierto\/pdf_bailarines\/texto1_eng.pdf\"><strong><em>ANDRES FIGUEROA\u2019S<\/em><br \/>\n<em>DANCERS OF THE DESERT<\/em><\/strong><\/a><br \/>\n<em>(english)<br \/>\n<strong>Andrea J\u00f6sch<\/strong><\/em><\/p>\n<p>[\/vc_column_text][\/vc_column][vc_column width=\u00bb1\/4&#8243; css=\u00bb.vc_custom_1509592530891{margin-bottom: 35px !important;}\u00bb][vc_icon type=\u00bbmaterial\u00bb icon_material=\u00bbvc-material vc-material-import_contacts\u00bb color=\u00bbcustom\u00bb background_style=\u00bbrounded-outline\u00bb background_color=\u00bbcustom\u00bb size=\u00bblg\u00bb align=\u00bbcenter\u00bb css_animation=\u00bbfade-in\u00bb custom_color=\u00bb#8a6652&#8243; link=\u00bburl:http%3A%2F%2Fwww.andresfigueroa.cl%2Fbailarinesdeldesierto%2Fpdf_bailarines%2Ftexto2.pdf|title:RELIGIOSIDAD%20POPULAR%20EN%20EL%20NORTE%20GRANDE%20DE%20CHILE%20%2F%20Bernardo%20Guerrero%20Jim%C3%A9nez|target:%20_blank|\u00bb css=\u00bb.vc_custom_1509251090044{margin-bottom: 20px !important;}\u00bb custom_background_color=\u00bb#8a6652&#8243;][vc_column_text]<\/p>\n<p style=\"text-align: center;\"><a href=\"http:\/\/www.andresfigueroa.cl\/bailarinesdeldesierto\/pdf_bailarines\/texto2.pdf\"><strong>RELIGIOSIDAD POPULAR<br \/>\nEN EL NORTE GRANDE DE CHILE<\/strong><\/a><br \/>\n(espa\u00f1ol)<br \/>\n<strong>Bernardo Guerrero Jim\u00e9nez<\/strong><\/p>\n<p>[\/vc_column_text][\/vc_column][vc_column width=\u00bb1\/4&#8243; css=\u00bb.vc_custom_1509592582662{margin-bottom: 35px !important;}\u00bb][vc_icon type=\u00bbmaterial\u00bb icon_material=\u00bbvc-material vc-material-import_contacts\u00bb color=\u00bbcustom\u00bb background_style=\u00bbrounded-outline\u00bb background_color=\u00bbcustom\u00bb size=\u00bblg\u00bb align=\u00bbcenter\u00bb css_animation=\u00bbfade-in\u00bb custom_color=\u00bb#8a6652&#8243; link=\u00bburl:http%3A%2F%2Fwww.andresfigueroa.cl%2Fbailarinesdeldesierto%2Fpdf_bailarines%2Ftexto2_eng.pdf|title:RELIGIOSIDAD%20POPULAR%20EN%20EL%20NORTE%20GRANDE%20DE%20CHILE%20%2F%20Bernardo%20Guerrero%20Jim%C3%A9nez|target:%20_blank|\u00bb css=\u00bb.vc_custom_1509427622417{margin-top: 0px !important;margin-bottom: 20px !important;}\u00bb custom_background_color=\u00bb#8a6652&#8243;][vc_column_text]<\/p>\n<p style=\"text-align: center;\"><a href=\"http:\/\/www.andresfigueroa.cl\/bailarinesdeldesierto\/pdf_bailarines\/texto2_eng.pdf\"><strong><em>POPULAR RELIGIOSITY IN<\/em><br \/>\n<em>CHILE\u2019S NORTE GRANDE<\/em><\/strong><\/a><br \/>\n<em>(english)<br \/>\n<strong>Bernardo Guerrero Jim\u00e9nez<\/strong><\/em><\/p>\n<p>[\/vc_column_text][\/vc_column][\/vc_row]<\/p>\n","protected":false},"excerpt":{"rendered":"<p>[vc_row full_width=\u00bbfull_screen\u00bb][vc_column][valeria_single_image image_size=\u00bbfull\u00bb alignment=\u00bbcenter\u00bb image=\u00bb1492&#8243;][valeria_heading text=\u00bbTextos\u00bb tag=\u00bbh1&#8243; text_align=\u00bbcenter\u00bb css=\u00bb.vc_custom_1509592012038{margin-top: 30px !important;}\u00bb][\/vc_column][\/vc_row][vc_row css=\u00bb.vc_custom_1509427490220{margin-bottom: 0px !important;}\u00bb][vc_column width=\u00bb1\/4&#8243; css=\u00bb.vc_custom_1509592563981{margin-bottom: 35px !important;}\u00bb][vc_icon type=\u00bbmaterial\u00bb icon_material=\u00bbvc-material vc-material-import_contacts\u00bb color=\u00bbcustom\u00bb background_style=\u00bbrounded-outline\u00bb background_color=\u00bbcustom\u00bb size=\u00bblg\u00bb align=\u00bbcenter\u00bb css_animation=\u00bbfade-in\u00bb custom_color=\u00bb#8a6652&#8243; link=\u00bburl:http%3A%2F%2Fwww.andresfigueroa.cl%2Fbailarinesdeldesierto%2Fpdf_bailarines%2Ftexto1.pdf|title:LOS%20BAILARINES%20DEL%20DESIERTO%20DE%20ANDR%C3%89S%20FIGUEROA%20%2F%20Andrea%20J%C3%B6sch|target:%20_blank|\u00bb custom_background_color=\u00bb#8a6652&#8243; css=\u00bb.vc_custom_1509251054700{margin-bottom: 20px !important;}\u00bb][vc_column_text] LOS BAILARINES DEL DESIERTO DE ANDR\u00c9S FIGUEROA (espa\u00f1ol) Andrea J\u00f6sch [\/vc_column_text][\/vc_column][vc_column width=\u00bb1\/4&#8243; css=\u00bb.vc_custom_1509592520624{margin-bottom: 35px !important;}\u00bb][vc_icon type=\u00bbmaterial\u00bb icon_material=\u00bbvc-material vc-material-import_contacts\u00bb color=\u00bbcustom\u00bb background_style=\u00bbrounded-outline\u00bb background_color=\u00bbcustom\u00bb size=\u00bblg\u00bb [&hellip;]<\/p>\n","protected":false},"author":1,"featured_media":0,"parent":0,"menu_order":0,"comment_status":"closed","ping_status":"closed","template":"","meta":[],"_links":{"self":[{"href":"https:\/\/www.andresfigueroa.cl\/bailarinesdeldesierto\/wp-json\/wp\/v2\/pages\/1204"}],"collection":[{"href":"https:\/\/www.andresfigueroa.cl\/bailarinesdeldesierto\/wp-json\/wp\/v2\/pages"}],"about":[{"href":"https:\/\/www.andresfigueroa.cl\/bailarinesdeldesierto\/wp-json\/wp\/v2\/types\/page"}],"author":[{"embeddable":true,"href":"https:\/\/www.andresfigueroa.cl\/bailarinesdeldesierto\/wp-json\/wp\/v2\/users\/1"}],"replies":[{"embeddable":true,"href":"https:\/\/www.andresfigueroa.cl\/bailarinesdeldesierto\/wp-json\/wp\/v2\/comments?post=1204"}],"version-history":[{"count":37,"href":"https:\/\/www.andresfigueroa.cl\/bailarinesdeldesierto\/wp-json\/wp\/v2\/pages\/1204\/revisions"}],"predecessor-version":[{"id":1495,"href":"https:\/\/www.andresfigueroa.cl\/bailarinesdeldesierto\/wp-json\/wp\/v2\/pages\/1204\/revisions\/1495"}],"wp:attachment":[{"href":"https:\/\/www.andresfigueroa.cl\/bailarinesdeldesierto\/wp-json\/wp\/v2\/media?parent=1204"}],"curies":[{"name":"wp","href":"https:\/\/api.w.org\/{rel}","templated":true}]}}